{"id":622,"date":"2015-05-27T04:58:14","date_gmt":"2015-05-27T04:58:14","guid":{"rendered":"http:\/\/gestaolegalnaadvocacia.com.br\/site\/?page_id=622"},"modified":"2015-06-30T04:03:18","modified_gmt":"2015-06-30T04:03:18","slug":"premios-e-parcerias","status":"publish","type":"page","link":"https:\/\/gestaolegalnaadvocacia.com.br\/site\/institucional\/premios-e-parcerias\/","title":{"rendered":"Pr\u00eamios e Parcerias"},"content":{"rendered":"<p><strong>PARCERIAS<\/strong><\/p>\n<p>A integra\u00e7\u00e3o de grandes grupos possibilita a modificar a forma de fazer neg\u00f3cio. A estrat\u00e9gia de aliar-se a uma marca forte \u00e9 vista com bons olhos no mundo empresarial e grandes investimentos s\u00e3o realizados no sentido de agregar valor aos departamentos jur\u00eddicos e escrit\u00f3rios de advocacia. A parceria possibilita a expans\u00e3o do nosso neg\u00f3cio por meio de integra\u00e7\u00e3o e solidifica\u00e7\u00e3o no mercado jur\u00eddico do Brasil. As parcerias permitem que as empresas se consolidem cada vez mais e possam acompanh\u00e1-lo na velocidade que a economia demanda, criando melhores condi\u00e7\u00f5es de atendimento e alcan\u00e7ando fatias maiores do mercado. Para crescer, investimos na gest\u00e3o conjunta que demostram a import\u00e2ncia da uni\u00e3o no competitivo mundo dos neg\u00f3cios.<\/p>\n\n\t\t\t<style type='text\/css'>\n\t\t\t\t#sc_gallery-9769 {\n\t\t\t\t\tmargin: auto;\n\t\t\t\t}\n\t\t\t\t#sc_gallery-9769 .gallery-item {\n\t\t\t\t\tfloat: left;\n\t\t\t\t\tmargin-top: 10px;\n\t\t\t\t\ttext-align: center;\n\t\t\t\t\twidth: 33.33%;\n\t\t\t\t}\n\t\t\t\t#sc_gallery-9769 img {\n\t\t\t\t\tborder: 2px solid #cfcfcf;\n\t\t\t\t}\n\t\t\t\t#sc_gallery-9769 .gallery-caption {\n\t\t\t\t\tmargin-left: 0;\n\t\t\t\t}\n\t\t\t\t\/* see sc_gallery() in functions\/theme-shortcodes.php *\/\n\t\t\t<\/style>\n\t\t<div id='sc_gallery-9769' class='gallery galleryid-622 gallery-columns-3 gallery-size-full none'><dl class='gallery-item'>\n\t\t\t\t<dt class='gallery-icon landscape'>\n\t\t\t\t\t<img loading=\"lazy\" decoding=\"async\" width=\"320\" height=\"78\" src=\"https:\/\/gestaolegalnaadvocacia.com.br\/site\/wp-content\/uploads\/2015\/05\/LEGAL-novaprolink-hor.png\" class=\"attachment-full size-full\" alt=\"\" \/>\n\t\t\t\t<\/dt><\/dl><dl class='gallery-item'>\n\t\t\t\t<dt class='gallery-icon landscape'>\n\t\t\t\t\t<img loading=\"lazy\" decoding=\"async\" width=\"238\" height=\"109\" src=\"https:\/\/gestaolegalnaadvocacia.com.br\/site\/wp-content\/uploads\/2015\/05\/logo-Advjus.jpg\" class=\"attachment-full size-full\" alt=\"\" \/>\n\t\t\t\t<\/dt><\/dl><dl class='gallery-item'>\n\t\t\t\t<dt class='gallery-icon landscape'>\n\t\t\t\t\t<img loading=\"lazy\" decoding=\"async\" width=\"320\" height=\"98\" src=\"https:\/\/gestaolegalnaadvocacia.com.br\/site\/wp-content\/uploads\/2015\/05\/Logo-Portal-juristas-01.jpeg\" class=\"attachment-full size-full\" alt=\"\" \/>\n\t\t\t\t<\/dt><\/dl><br style=\"clear: both\" \/><dl class='gallery-item'>\n\t\t\t\t<dt class='gallery-icon landscape'>\n\t\t\t\t\t<img loading=\"lazy\" decoding=\"async\" width=\"320\" height=\"106\" src=\"https:\/\/gestaolegalnaadvocacia.com.br\/site\/wp-content\/uploads\/2015\/05\/logotipo_alta.png\" class=\"attachment-full size-full\" alt=\"\" \/>\n\t\t\t\t<\/dt><\/dl><dl class='gallery-item'>\n\t\t\t\t<dt class='gallery-icon landscape'>\n\t\t\t\t\t<img loading=\"lazy\" decoding=\"async\" width=\"320\" height=\"174\" src=\"https:\/\/gestaolegalnaadvocacia.com.br\/site\/wp-content\/uploads\/2015\/05\/Malheiros.jpeg\" class=\"attachment-full size-full\" alt=\"\" \/>\n\t\t\t\t<\/dt><\/dl><dl class='gallery-item'>\n\t\t\t\t<dt class='gallery-icon landscape'>\n\t\t\t\t\t<img loading=\"lazy\" decoding=\"async\" width=\"324\" height=\"72\" src=\"https:\/\/gestaolegalnaadvocacia.com.br\/site\/wp-content\/uploads\/2015\/05\/Co_pia-de-tr_hrz_4cs_pos.jpg\" class=\"attachment-full size-full\" alt=\"\" \/>\n\t\t\t\t<\/dt><\/dl><br style=\"clear: both\" \/>\n\t\t\t<\/div>\n\n<p>&nbsp;<\/p>\n<p><strong>PR\u00caMIOS<\/strong><\/p>\n<p>O Pr\u00eamio tem o objetivo de reconhecer empresas brasileiras que contribuem para a melhora da <em>performance <\/em>de escrit\u00f3rios de advocacia e do constante aprimoramento da gest\u00e3o por meio de sistemas, t\u00e9cnicas e modelos voltados para o aperfei\u00e7oamento da administra\u00e7\u00e3o e da inova\u00e7\u00e3o, bem como por meio da implementa\u00e7\u00e3o de culturas inovadores e revolucion\u00e1rias dentro do escrit\u00f3rio.<\/p>\n","protected":false},"excerpt":{"rendered":"<p>PARCERIAS A integra\u00e7\u00e3o de grandes grupos possibilita a modificar a forma de fazer neg\u00f3cio. A estrat\u00e9gia de aliar-se a uma marca forte \u00e9 vista com bons<span class=\"excerpt-hellip\"> [\u2026]<\/span><\/p>\n","protected":false},"author":1,"featured_media":0,"parent":213,"menu_order":0,"comment_status":"open","ping_status":"closed","template":"","meta":{"_acf_changed":false,"footnotes":""},"class_list":["post-622","page","type-page","status-publish","hentry"],"acf":[],"_links":{"self":[{"href":"https:\/\/gestaolegalnaadvocacia.com.br\/site\/wp-json\/wp\/v2\/pages\/622","targetHints":{"allow":["GET"]}}],"collection":[{"href":"https:\/\/gestaolegalnaadvocacia.com.br\/site\/wp-json\/wp\/v2\/pages"}],"about":[{"href":"https:\/\/gestaolegalnaadvocacia.com.br\/site\/wp-json\/wp\/v2\/types\/page"}],"author":[{"embeddable":true,"href":"https:\/\/gestaolegalnaadvocacia.com.br\/site\/wp-json\/wp\/v2\/users\/1"}],"replies":[{"embeddable":true,"href":"https:\/\/gestaolegalnaadvocacia.com.br\/site\/wp-json\/wp\/v2\/comments?post=622"}],"version-history":[{"count":0,"href":"https:\/\/gestaolegalnaadvocacia.com.br\/site\/wp-json\/wp\/v2\/pages\/622\/revisions"}],"up":[{"embeddable":true,"href":"https:\/\/gestaolegalnaadvocacia.com.br\/site\/wp-json\/wp\/v2\/pages\/213"}],"wp:attachment":[{"href":"https:\/\/gestaolegalnaadvocacia.com.br\/site\/wp-json\/wp\/v2\/media?parent=622"}],"curies":[{"name":"wp","href":"https:\/\/api.w.org\/{rel}","templated":true}]}}