{"id":620,"date":"2015-05-27T04:56:05","date_gmt":"2015-05-27T04:56:05","guid":{"rendered":"http:\/\/gestaolegalnaadvocacia.com.br\/site\/?page_id=620"},"modified":"2015-07-04T01:47:25","modified_gmt":"2015-07-04T01:47:25","slug":"indicadores-da-empresa","status":"publish","type":"page","link":"https:\/\/gestaolegalnaadvocacia.com.br\/site\/institucional\/indicadores-da-empresa\/","title":{"rendered":"Indicadores da Empresa"},"content":{"rendered":"<ul class=\"list_check\">\n<li>Mais de 250 projetos de consultoria e assessoria executados em gest\u00e3o estrat\u00e9gica para escrit\u00f3rio de advocacia<\/li>\n<li>Mais de 55 artigos publicados em planejamento, estrat\u00e9gia e finan\u00e7as na advocacia<\/li>\n<li>Livro pioneiro publicado em finan\u00e7as, planejamento, estrat\u00e9gia, controle e resultados na advocacia<\/li>\n<li>Mais de 3.000 alunos assistidos em aulas, workshops, cursos e palestras nas OAB`s\/ESA e em empresas de advocacia<\/li>\n<\/ul>\n","protected":false},"excerpt":{"rendered":"<p>Mais de 250 projetos de consultoria e assessoria executados em gest\u00e3o estrat\u00e9gica para escrit\u00f3rio de advocacia Mais de 55 artigos publicados em planejamento, estrat\u00e9gia e finan\u00e7as<span class=\"excerpt-hellip\"> [\u2026]<\/span><\/p>\n","protected":false},"author":1,"featured_media":744,"parent":213,"menu_order":0,"comment_status":"open","ping_status":"closed","template":"","meta":{"_acf_changed":false,"footnotes":""},"class_list":["post-620","page","type-page","status-publish","has-post-thumbnail","hentry"],"acf":[],"_links":{"self":[{"href":"https:\/\/gestaolegalnaadvocacia.com.br\/site\/wp-json\/wp\/v2\/pages\/620","targetHints":{"allow":["GET"]}}],"collection":[{"href":"https:\/\/gestaolegalnaadvocacia.com.br\/site\/wp-json\/wp\/v2\/pages"}],"about":[{"href":"https:\/\/gestaolegalnaadvocacia.com.br\/site\/wp-json\/wp\/v2\/types\/page"}],"author":[{"embeddable":true,"href":"https:\/\/gestaolegalnaadvocacia.com.br\/site\/wp-json\/wp\/v2\/users\/1"}],"replies":[{"embeddable":true,"href":"https:\/\/gestaolegalnaadvocacia.com.br\/site\/wp-json\/wp\/v2\/comments?post=620"}],"version-history":[{"count":0,"href":"https:\/\/gestaolegalnaadvocacia.com.br\/site\/wp-json\/wp\/v2\/pages\/620\/revisions"}],"up":[{"embeddable":true,"href":"https:\/\/gestaolegalnaadvocacia.com.br\/site\/wp-json\/wp\/v2\/pages\/213"}],"wp:featuredmedia":[{"embeddable":true,"href":"https:\/\/gestaolegalnaadvocacia.com.br\/site\/wp-json\/wp\/v2\/media\/744"}],"wp:attachment":[{"href":"https:\/\/gestaolegalnaadvocacia.com.br\/site\/wp-json\/wp\/v2\/media?parent=620"}],"curies":[{"name":"wp","href":"https:\/\/api.w.org\/{rel}","templated":true}]}}