{"id":359,"date":"2015-03-07T07:45:55","date_gmt":"2015-03-07T07:45:55","guid":{"rendered":"https:\/\/gestaolegalnaadvocacia.com.br\/site\/?page_id=359"},"modified":"2015-03-25T10:45:33","modified_gmt":"2015-03-25T10:45:33","slug":"gestao-de-investimentos-para-advogados","status":"publish","type":"page","link":"https:\/\/gestaolegalnaadvocacia.com.br\/site\/areas-de-atuacao\/gestao-de-investimentos-para-advogados\/","title":{"rendered":"Gest\u00e3o de Investimentos para Advogados"},"content":{"rendered":"<ul>\n<li>Cen\u00e1rios Econ\u00f4micos e Financeiros;<\/li>\n<li>Como e Onde Investir;<\/li>\n<li>Como Funciona a Bolsa de Valores;<\/li>\n<li>Conhecendo os Fundos de Investimentos;<\/li>\n<li>Orienta\u00e7\u00f5es para Investimentos Diversificados;<\/li>\n<li>Investimentos Imobili\u00e1rios;<\/li>\n<li>Investimentos Nacionais;<\/li>\n<li>Investimentos Internacionais;<\/li>\n<li>Como Estruturar uma Opera\u00e7\u00e3o Financeira Nacional e Internacional;<\/li>\n<li>Como Avaliar a Rentabilidade no Mercado Nacional e Global;<\/li>\n<li>Como se Tornar Investidor.<\/li>\n<\/ul>\n<div class=\"fundo-claro-2\">\n<h3>Gostaria de mais informa\u00e7\u00f5es<\/h3>\n<p>Entre em contato por nosso fomul\u00e1rio, nossa<br \/>\nequipe entrar\u00e1 em contato para esclarecer suas d\u00favidas<\/p>\n\n<div class=\"wpcf7 no-js\" id=\"wpcf7-f6-o1\" lang=\"pt-BR\" dir=\"ltr\" data-wpcf7-id=\"6\">\n<div class=\"screen-reader-response\"><p role=\"status\" aria-live=\"polite\" aria-atomic=\"true\"><\/p> <ul><\/ul><\/div>\n<form action=\"\/site\/wp-json\/wp\/v2\/pages\/359#wpcf7-f6-o1\" method=\"post\" class=\"wpcf7-form init\" aria-label=\"Formul\u00e1rios de contato\" novalidate=\"novalidate\" data-status=\"init\">\n<fieldset class=\"hidden-fields-container\"><input type=\"hidden\" name=\"_wpcf7\" value=\"6\" \/><input type=\"hidden\" name=\"_wpcf7_version\" value=\"6.1.5\" \/><input type=\"hidden\" name=\"_wpcf7_locale\" value=\"pt_BR\" \/><input type=\"hidden\" name=\"_wpcf7_unit_tag\" value=\"wpcf7-f6-o1\" \/><input type=\"hidden\" name=\"_wpcf7_container_post\" value=\"0\" \/><input type=\"hidden\" name=\"_wpcf7_posted_data_hash\" value=\"\" \/>\n<\/fieldset>\n<div class=\"column one-second\">\n\t<p>Seu nome (obrigat\u00f3rio)\n\t<\/p>\n\t<p><span class=\"wpcf7-form-control-wrap\" data-name=\"your-name\"><input size=\"40\" maxlength=\"400\" class=\"wpcf7-form-control wpcf7-text wpcf7-validates-as-required\" aria-required=\"true\" aria-invalid=\"false\" value=\"\" type=\"text\" name=\"your-name\" \/><\/span>\n\t<\/p>\n<\/div>\n<div class=\"column one-second last\">\n\t<p>Seu e-mail (obrigat\u00f3rio)\n\t<\/p>\n\t<p><span class=\"wpcf7-form-control-wrap\" data-name=\"your-email\"><input size=\"40\" maxlength=\"400\" class=\"wpcf7-form-control wpcf7-email wpcf7-validates-as-required wpcf7-text wpcf7-validates-as-email\" aria-required=\"true\" aria-invalid=\"false\" value=\"\" type=\"email\" name=\"your-email\" \/><\/span>\n\t<\/p>\n<\/div>\n<div class=\"column one-second\">\n\t<p>Escrit\u00f3rio\n\t<\/p>\n\t<p><span class=\"wpcf7-form-control-wrap\" data-name=\"your-escritorio\"><input size=\"40\" maxlength=\"400\" class=\"wpcf7-form-control wpcf7-text wpcf7-validates-as-required\" aria-required=\"true\" aria-invalid=\"false\" value=\"\" type=\"text\" name=\"your-escritorio\" \/><\/span>\n\t<\/p>\n<\/div>\n<div class=\"column one-second last\">\n\t<p>Telefone\n\t<\/p>\n\t<p><span class=\"wpcf7-form-control-wrap\" data-name=\"your-tel\"><input size=\"40\" maxlength=\"400\" class=\"wpcf7-form-control wpcf7-text wpcf7-validates-as-required\" aria-required=\"true\" aria-invalid=\"false\" value=\"\" type=\"text\" name=\"your-tel\" \/><\/span>\n\t<\/p>\n<\/div>\n<p>Quais s\u00e3o as suas d\u00favidas e necessidades do escrit\u00f3rio?\n<\/p>\n<p><span class=\"wpcf7-form-control-wrap\" data-name=\"your-message\"><textarea cols=\"40\" rows=\"10\" maxlength=\"2000\" class=\"wpcf7-form-control wpcf7-textarea\" aria-invalid=\"false\" name=\"your-message\"><\/textarea><\/span>\n<\/p>\n<p><input class=\"wpcf7-form-control wpcf7-submit has-spinner\" type=\"submit\" value=\"Enviar\" \/>\n<\/p><div class=\"wpcf7-response-output\" aria-hidden=\"true\"><\/div>\n<\/form>\n<\/div>\n<\/div>\n","protected":false},"excerpt":{"rendered":"<p>Cen\u00e1rios Econ\u00f4micos e Financeiros; Como e Onde Investir; Como Funciona a Bolsa de Valores; Conhecendo os Fundos de Investimentos; Orienta\u00e7\u00f5es para Investimentos Diversificados; Investimentos Imobili\u00e1rios; Investimentos<span class=\"excerpt-hellip\"> [\u2026]<\/span><\/p>\n","protected":false},"author":1,"featured_media":507,"parent":211,"menu_order":0,"comment_status":"open","ping_status":"open","template":"","meta":{"_acf_changed":false,"footnotes":""},"class_list":["post-359","page","type-page","status-publish","has-post-thumbnail","hentry"],"acf":[],"_links":{"self":[{"href":"https:\/\/gestaolegalnaadvocacia.com.br\/site\/wp-json\/wp\/v2\/pages\/359","targetHints":{"allow":["GET"]}}],"collection":[{"href":"https:\/\/gestaolegalnaadvocacia.com.br\/site\/wp-json\/wp\/v2\/pages"}],"about":[{"href":"https:\/\/gestaolegalnaadvocacia.com.br\/site\/wp-json\/wp\/v2\/types\/page"}],"author":[{"embeddable":true,"href":"https:\/\/gestaolegalnaadvocacia.com.br\/site\/wp-json\/wp\/v2\/users\/1"}],"replies":[{"embeddable":true,"href":"https:\/\/gestaolegalnaadvocacia.com.br\/site\/wp-json\/wp\/v2\/comments?post=359"}],"version-history":[{"count":0,"href":"https:\/\/gestaolegalnaadvocacia.com.br\/site\/wp-json\/wp\/v2\/pages\/359\/revisions"}],"up":[{"embeddable":true,"href":"https:\/\/gestaolegalnaadvocacia.com.br\/site\/wp-json\/wp\/v2\/pages\/211"}],"wp:featuredmedia":[{"embeddable":true,"href":"https:\/\/gestaolegalnaadvocacia.com.br\/site\/wp-json\/wp\/v2\/media\/507"}],"wp:attachment":[{"href":"https:\/\/gestaolegalnaadvocacia.com.br\/site\/wp-json\/wp\/v2\/media?parent=359"}],"curies":[{"name":"wp","href":"https:\/\/api.w.org\/{rel}","templated":true}]}}