{"id":357,"date":"2015-03-07T07:45:16","date_gmt":"2015-03-07T07:45:16","guid":{"rendered":"https:\/\/gestaolegalnaadvocacia.com.br\/site\/?page_id=357"},"modified":"2015-03-25T10:49:09","modified_gmt":"2015-03-25T10:49:09","slug":"societario-estruturacao-e-reestruturacao-da-sociedade","status":"publish","type":"page","link":"https:\/\/gestaolegalnaadvocacia.com.br\/site\/areas-de-atuacao\/societario-estruturacao-e-reestruturacao-da-sociedade\/","title":{"rendered":"Societ\u00e1rio \u2013 Estrutura\u00e7\u00e3o e Reestrutura\u00e7\u00e3o da Sociedade"},"content":{"rendered":"<ul>\n<li>A sociedade de Advogados;<\/li>\n<li>Perfil e Caracter\u00edsticas dos S\u00f3cios;<\/li>\n<li>Modelo de Divis\u00e3o das Atividades dos S\u00f3cios;<\/li>\n<li>Contrato Social;<\/li>\n<li>Cotas Societ\u00e1rias;<\/li>\n<li>Acordo de S\u00f3cios;<\/li>\n<li>S\u00f3cios de Capital;<\/li>\n<li>S\u00f3cios de Servi\u00e7o;<\/li>\n<li>Atividades e Responsabilidades Gerenciais e Estrat\u00e9gicas dos S\u00f3cios;<\/li>\n<li>Organograma Societ\u00e1rio e Jur\u00eddico;<\/li>\n<li>Pol\u00edtica de Gest\u00e3o da Sociedade;<\/li>\n<li>Parecer Estrutura Societ\u00e1ria da Banca;<\/li>\n<li>Enquadramento Fiscal;<\/li>\n<li>Modelo de Distribui\u00e7\u00e3o de Lucros aos S\u00f3cios;<\/li>\n<li>Cen\u00e1rios de Faturamento, Custos, Despesas e Resultados;<\/li>\n<li>Impactos Financeiros nos Resultados Diante dos Aspectos Tribut\u00e1rios, Previdenci\u00e1rios e Trabalhistas dos Colaboradores;<\/li>\n<li>An\u00e1lise Cont\u00e1bil;<\/li>\n<li>An\u00e1lise Tribut\u00e1ria;<\/li>\n<li>Defini\u00e7\u00e3o do Modelo de Advocacia;<\/li>\n<li>Defini\u00e7\u00e3o das \u00c1reas de Atua\u00e7\u00e3o;<\/li>\n<li>Defini\u00e7\u00e3o do Perfil de Clientes;<\/li>\n<li>Defini\u00e7\u00e3o do Nome e da Marca;<\/li>\n<li>Modelo de Honor\u00e1rios Advocat\u00edcios;<\/li>\n<li>Modelo de Remunera\u00e7\u00e3o dos Advogados Associados;<\/li>\n<li>Compet\u00eancias e Capacita\u00e7\u00e3o do S\u00f3cio Gestor;<\/li>\n<li>Planejamento Financeiro da Sociedade.<\/li>\n<\/ul>\n<div class=\"fundo-claro-2\">\n<h3>Gostaria de mais informa\u00e7\u00f5es<\/h3>\n<p>Entre em contato por nosso fomul\u00e1rio, nossa<br \/>\nequipe entrar\u00e1 em contato para esclarecer suas d\u00favidas<\/p>\n\n<div class=\"wpcf7 no-js\" id=\"wpcf7-f6-o1\" lang=\"pt-BR\" dir=\"ltr\" data-wpcf7-id=\"6\">\n<div class=\"screen-reader-response\"><p role=\"status\" aria-live=\"polite\" aria-atomic=\"true\"><\/p> <ul><\/ul><\/div>\n<form action=\"\/site\/wp-json\/wp\/v2\/pages\/357#wpcf7-f6-o1\" method=\"post\" class=\"wpcf7-form init\" aria-label=\"Formul\u00e1rios de contato\" novalidate=\"novalidate\" data-status=\"init\">\n<fieldset class=\"hidden-fields-container\"><input type=\"hidden\" name=\"_wpcf7\" value=\"6\" \/><input type=\"hidden\" name=\"_wpcf7_version\" value=\"6.1.5\" \/><input type=\"hidden\" name=\"_wpcf7_locale\" value=\"pt_BR\" \/><input type=\"hidden\" name=\"_wpcf7_unit_tag\" value=\"wpcf7-f6-o1\" \/><input type=\"hidden\" name=\"_wpcf7_container_post\" value=\"0\" \/><input type=\"hidden\" name=\"_wpcf7_posted_data_hash\" value=\"\" \/>\n<\/fieldset>\n<div class=\"column one-second\">\n\t<p>Seu nome (obrigat\u00f3rio)\n\t<\/p>\n\t<p><span class=\"wpcf7-form-control-wrap\" data-name=\"your-name\"><input size=\"40\" maxlength=\"400\" class=\"wpcf7-form-control wpcf7-text wpcf7-validates-as-required\" aria-required=\"true\" aria-invalid=\"false\" value=\"\" type=\"text\" name=\"your-name\" \/><\/span>\n\t<\/p>\n<\/div>\n<div class=\"column one-second last\">\n\t<p>Seu e-mail (obrigat\u00f3rio)\n\t<\/p>\n\t<p><span class=\"wpcf7-form-control-wrap\" data-name=\"your-email\"><input size=\"40\" maxlength=\"400\" class=\"wpcf7-form-control wpcf7-email wpcf7-validates-as-required wpcf7-text wpcf7-validates-as-email\" aria-required=\"true\" aria-invalid=\"false\" value=\"\" type=\"email\" name=\"your-email\" \/><\/span>\n\t<\/p>\n<\/div>\n<div class=\"column one-second\">\n\t<p>Escrit\u00f3rio\n\t<\/p>\n\t<p><span class=\"wpcf7-form-control-wrap\" data-name=\"your-escritorio\"><input size=\"40\" maxlength=\"400\" class=\"wpcf7-form-control wpcf7-text wpcf7-validates-as-required\" aria-required=\"true\" aria-invalid=\"false\" value=\"\" type=\"text\" name=\"your-escritorio\" \/><\/span>\n\t<\/p>\n<\/div>\n<div class=\"column one-second last\">\n\t<p>Telefone\n\t<\/p>\n\t<p><span class=\"wpcf7-form-control-wrap\" data-name=\"your-tel\"><input size=\"40\" maxlength=\"400\" class=\"wpcf7-form-control wpcf7-text wpcf7-validates-as-required\" aria-required=\"true\" aria-invalid=\"false\" value=\"\" type=\"text\" name=\"your-tel\" \/><\/span>\n\t<\/p>\n<\/div>\n<p>Quais s\u00e3o as suas d\u00favidas e necessidades do escrit\u00f3rio?\n<\/p>\n<p><span class=\"wpcf7-form-control-wrap\" data-name=\"your-message\"><textarea cols=\"40\" rows=\"10\" maxlength=\"2000\" class=\"wpcf7-form-control wpcf7-textarea\" aria-invalid=\"false\" name=\"your-message\"><\/textarea><\/span>\n<\/p>\n<p><input class=\"wpcf7-form-control wpcf7-submit has-spinner\" type=\"submit\" value=\"Enviar\" \/>\n<\/p><div class=\"wpcf7-response-output\" aria-hidden=\"true\"><\/div>\n<\/form>\n<\/div>\n<\/div>\n","protected":false},"excerpt":{"rendered":"<p>A sociedade de Advogados; Perfil e Caracter\u00edsticas dos S\u00f3cios; Modelo de Divis\u00e3o das Atividades dos S\u00f3cios; Contrato Social; Cotas Societ\u00e1rias; Acordo de S\u00f3cios; S\u00f3cios de Capital;<span class=\"excerpt-hellip\"> [\u2026]<\/span><\/p>\n","protected":false},"author":1,"featured_media":512,"parent":211,"menu_order":0,"comment_status":"open","ping_status":"open","template":"","meta":{"_acf_changed":false,"footnotes":""},"class_list":["post-357","page","type-page","status-publish","has-post-thumbnail","hentry"],"acf":[],"_links":{"self":[{"href":"https:\/\/gestaolegalnaadvocacia.com.br\/site\/wp-json\/wp\/v2\/pages\/357","targetHints":{"allow":["GET"]}}],"collection":[{"href":"https:\/\/gestaolegalnaadvocacia.com.br\/site\/wp-json\/wp\/v2\/pages"}],"about":[{"href":"https:\/\/gestaolegalnaadvocacia.com.br\/site\/wp-json\/wp\/v2\/types\/page"}],"author":[{"embeddable":true,"href":"https:\/\/gestaolegalnaadvocacia.com.br\/site\/wp-json\/wp\/v2\/users\/1"}],"replies":[{"embeddable":true,"href":"https:\/\/gestaolegalnaadvocacia.com.br\/site\/wp-json\/wp\/v2\/comments?post=357"}],"version-history":[{"count":0,"href":"https:\/\/gestaolegalnaadvocacia.com.br\/site\/wp-json\/wp\/v2\/pages\/357\/revisions"}],"up":[{"embeddable":true,"href":"https:\/\/gestaolegalnaadvocacia.com.br\/site\/wp-json\/wp\/v2\/pages\/211"}],"wp:featuredmedia":[{"embeddable":true,"href":"https:\/\/gestaolegalnaadvocacia.com.br\/site\/wp-json\/wp\/v2\/media\/512"}],"wp:attachment":[{"href":"https:\/\/gestaolegalnaadvocacia.com.br\/site\/wp-json\/wp\/v2\/media?parent=357"}],"curies":[{"name":"wp","href":"https:\/\/api.w.org\/{rel}","templated":true}]}}