{"id":354,"date":"2015-03-07T07:44:30","date_gmt":"2015-03-07T07:44:30","guid":{"rendered":"https:\/\/gestaolegalnaadvocacia.com.br\/site\/?page_id=354"},"modified":"2015-03-25T10:43:03","modified_gmt":"2015-03-25T10:43:03","slug":"controladoria-juridica-operacional-e-estrategica","status":"publish","type":"page","link":"https:\/\/gestaolegalnaadvocacia.com.br\/site\/areas-de-atuacao\/controladoria-juridica-operacional-e-estrategica\/","title":{"rendered":"Controladoria Jur\u00eddica, Operacional e Estrat\u00e9gica"},"content":{"rendered":"<ul>\n<li>A Controladoria no Escrit\u00f3rio;<\/li>\n<li>Mapeamento e Defini\u00e7\u00e3o das Atividades Operacionais;<\/li>\n<li>Mapeamento e Defini\u00e7\u00e3o das Atividades Estrat\u00e9gicas;<\/li>\n<li>Mapeamento e Defini\u00e7\u00e3o das Atividades Jur\u00eddicas;<\/li>\n<li>Desenvolvimento do Manual da Controladoria;<\/li>\n<li>Desenvolvimento do Organograma do Departamento de Controladoria;<\/li>\n<li>Defini\u00e7\u00e3o do Perfil do Controller;<\/li>\n<li>Responsabilidades e Fun\u00e7\u00f5es do Controller;<\/li>\n<li>Desenvolvimento e Defini\u00e7\u00e3o das \u00c1reas da Controladoria;<\/li>\n<li>Revis\u00e3o e Defini\u00e7\u00e3o dos Procedimentos em Sistema;<\/li>\n<li>Defini\u00e7\u00e3o do Layout e da Estrutura F\u00edsica do Departamento de Controladoria;<\/li>\n<li>Mapeamento e Defini\u00e7\u00e3o dos KPI\u2019s.<\/li>\n<li>Mapeamento e Defini\u00e7\u00e3o de Indicadores Financeiros;<\/li>\n<li>Defini\u00e7\u00e3o de Metas por \u00c1rea de Controle;<\/li>\n<li>Defini\u00e7\u00e3o dos Controles e Relat\u00f3rios Gerenciais da Controladoria;<\/li>\n<li>Defini\u00e7\u00e3o de Controles Administrativos e Financeiros da Controladoria;<\/li>\n<li>Defini\u00e7\u00e3o de Controles e Procedimentos Jur\u00eddicos da Controladoria para Desdobramento das Demandas Extra-judiciais, Judiciais e Administrativas;<\/li>\n<li>Atividades de Suporte da Controladoria Jur\u00eddica;<\/li>\n<li>Defini\u00e7\u00e3o do Controle de Qualidade na Controladoria;<\/li>\n<li>Fun\u00e7\u00f5es do Setor T\u00e9cnico Jur\u00eddico;<\/li>\n<li>Treinamento e Capacita\u00e7\u00e3o para a Equipe Jur\u00eddica;<\/li>\n<li>Relat\u00f3rio de Conclus\u00e3o e Fechamento da Consultoria.<\/li>\n<\/ul>\n<div class=\"fundo-claro-2\">\n<h3>Gostaria de mais informa\u00e7\u00f5es<\/h3>\n<p>Entre em contato por nosso fomul\u00e1rio, nossa<br \/>\nequipe entrar\u00e1 em contato para esclarecer suas d\u00favidas<\/p>\n\n<div class=\"wpcf7 no-js\" id=\"wpcf7-f6-o1\" lang=\"pt-BR\" dir=\"ltr\" data-wpcf7-id=\"6\">\n<div class=\"screen-reader-response\"><p role=\"status\" aria-live=\"polite\" aria-atomic=\"true\"><\/p> <ul><\/ul><\/div>\n<form action=\"\/site\/wp-json\/wp\/v2\/pages\/354#wpcf7-f6-o1\" method=\"post\" class=\"wpcf7-form init\" aria-label=\"Formul\u00e1rios de contato\" novalidate=\"novalidate\" data-status=\"init\">\n<fieldset class=\"hidden-fields-container\"><input type=\"hidden\" name=\"_wpcf7\" value=\"6\" \/><input type=\"hidden\" name=\"_wpcf7_version\" value=\"6.1.5\" \/><input type=\"hidden\" name=\"_wpcf7_locale\" value=\"pt_BR\" \/><input type=\"hidden\" name=\"_wpcf7_unit_tag\" value=\"wpcf7-f6-o1\" \/><input type=\"hidden\" name=\"_wpcf7_container_post\" value=\"0\" \/><input type=\"hidden\" name=\"_wpcf7_posted_data_hash\" value=\"\" \/>\n<\/fieldset>\n<div class=\"column one-second\">\n\t<p>Seu nome (obrigat\u00f3rio)\n\t<\/p>\n\t<p><span class=\"wpcf7-form-control-wrap\" data-name=\"your-name\"><input size=\"40\" maxlength=\"400\" class=\"wpcf7-form-control wpcf7-text wpcf7-validates-as-required\" aria-required=\"true\" aria-invalid=\"false\" value=\"\" type=\"text\" name=\"your-name\" \/><\/span>\n\t<\/p>\n<\/div>\n<div class=\"column one-second last\">\n\t<p>Seu e-mail (obrigat\u00f3rio)\n\t<\/p>\n\t<p><span class=\"wpcf7-form-control-wrap\" data-name=\"your-email\"><input size=\"40\" maxlength=\"400\" class=\"wpcf7-form-control wpcf7-email wpcf7-validates-as-required wpcf7-text wpcf7-validates-as-email\" aria-required=\"true\" aria-invalid=\"false\" value=\"\" type=\"email\" name=\"your-email\" \/><\/span>\n\t<\/p>\n<\/div>\n<div class=\"column one-second\">\n\t<p>Escrit\u00f3rio\n\t<\/p>\n\t<p><span class=\"wpcf7-form-control-wrap\" data-name=\"your-escritorio\"><input size=\"40\" maxlength=\"400\" class=\"wpcf7-form-control wpcf7-text wpcf7-validates-as-required\" aria-required=\"true\" aria-invalid=\"false\" value=\"\" type=\"text\" name=\"your-escritorio\" \/><\/span>\n\t<\/p>\n<\/div>\n<div class=\"column one-second last\">\n\t<p>Telefone\n\t<\/p>\n\t<p><span class=\"wpcf7-form-control-wrap\" data-name=\"your-tel\"><input size=\"40\" maxlength=\"400\" class=\"wpcf7-form-control wpcf7-text wpcf7-validates-as-required\" aria-required=\"true\" aria-invalid=\"false\" value=\"\" type=\"text\" name=\"your-tel\" \/><\/span>\n\t<\/p>\n<\/div>\n<p>Quais s\u00e3o as suas d\u00favidas e necessidades do escrit\u00f3rio?\n<\/p>\n<p><span class=\"wpcf7-form-control-wrap\" data-name=\"your-message\"><textarea cols=\"40\" rows=\"10\" maxlength=\"2000\" class=\"wpcf7-form-control wpcf7-textarea\" aria-invalid=\"false\" name=\"your-message\"><\/textarea><\/span>\n<\/p>\n<p><input class=\"wpcf7-form-control wpcf7-submit has-spinner\" type=\"submit\" value=\"Enviar\" \/>\n<\/p><div class=\"wpcf7-response-output\" aria-hidden=\"true\"><\/div>\n<\/form>\n<\/div>\n<\/div>\n","protected":false},"excerpt":{"rendered":"<p>A Controladoria no Escrit\u00f3rio; Mapeamento e Defini\u00e7\u00e3o das Atividades Operacionais; Mapeamento e Defini\u00e7\u00e3o das Atividades Estrat\u00e9gicas; Mapeamento e Defini\u00e7\u00e3o das Atividades Jur\u00eddicas; Desenvolvimento do Manual da<span class=\"excerpt-hellip\"> [\u2026]<\/span><\/p>\n","protected":false},"author":1,"featured_media":501,"parent":211,"menu_order":0,"comment_status":"open","ping_status":"open","template":"","meta":{"_acf_changed":false,"footnotes":""},"class_list":["post-354","page","type-page","status-publish","has-post-thumbnail","hentry"],"acf":[],"_links":{"self":[{"href":"https:\/\/gestaolegalnaadvocacia.com.br\/site\/wp-json\/wp\/v2\/pages\/354","targetHints":{"allow":["GET"]}}],"collection":[{"href":"https:\/\/gestaolegalnaadvocacia.com.br\/site\/wp-json\/wp\/v2\/pages"}],"about":[{"href":"https:\/\/gestaolegalnaadvocacia.com.br\/site\/wp-json\/wp\/v2\/types\/page"}],"author":[{"embeddable":true,"href":"https:\/\/gestaolegalnaadvocacia.com.br\/site\/wp-json\/wp\/v2\/users\/1"}],"replies":[{"embeddable":true,"href":"https:\/\/gestaolegalnaadvocacia.com.br\/site\/wp-json\/wp\/v2\/comments?post=354"}],"version-history":[{"count":0,"href":"https:\/\/gestaolegalnaadvocacia.com.br\/site\/wp-json\/wp\/v2\/pages\/354\/revisions"}],"up":[{"embeddable":true,"href":"https:\/\/gestaolegalnaadvocacia.com.br\/site\/wp-json\/wp\/v2\/pages\/211"}],"wp:featuredmedia":[{"embeddable":true,"href":"https:\/\/gestaolegalnaadvocacia.com.br\/site\/wp-json\/wp\/v2\/media\/501"}],"wp:attachment":[{"href":"https:\/\/gestaolegalnaadvocacia.com.br\/site\/wp-json\/wp\/v2\/media?parent=354"}],"curies":[{"name":"wp","href":"https:\/\/api.w.org\/{rel}","templated":true}]}}