{"id":336,"date":"2015-03-07T07:41:50","date_gmt":"2015-03-07T07:41:50","guid":{"rendered":"https:\/\/gestaolegalnaadvocacia.com.br\/site\/?page_id=336"},"modified":"2015-03-25T10:47:30","modified_gmt":"2015-03-25T10:47:30","slug":"marketing-juridico-e-relacionamento-com-clientes-na-advocacia","status":"publish","type":"page","link":"https:\/\/gestaolegalnaadvocacia.com.br\/site\/areas-de-atuacao\/marketing-juridico-e-relacionamento-com-clientes-na-advocacia\/","title":{"rendered":"Marketing Jur\u00eddico e Relacionamento com Clientes na Advocacia"},"content":{"rendered":"<ul>\n<li>Estrat\u00e9gias de Relacionamentos com Clientes;<\/li>\n<li>Prospec\u00e7\u00e3o, Capta\u00e7\u00e3o e Manuten\u00e7\u00e3o de Clientes;<\/li>\n<li>Estrat\u00e9gias de Segmenta\u00e7\u00e3o da Marca Jur\u00eddica;<\/li>\n<li>Cria\u00e7\u00e3o de Eventos;<\/li>\n<li>Pesquisa de Satisfa\u00e7\u00e3o de Clientes;<\/li>\n<li>Implanta\u00e7\u00e3o da \u00c1rea Comercial;<\/li>\n<li>Cen\u00e1rios de Crescimento;<\/li>\n<li>Constru\u00e7\u00e3o de Task Forces;<\/li>\n<li>Planos de A\u00e7\u00e3o Estrat\u00e9gico;<\/li>\n<li>Apresenta\u00e7\u00e3o do Planejamento de Marketing;<\/li>\n<li>Prospec\u00e7\u00e3o e An\u00e1lise de Novas Carteiras de Demandas Judiciais e Administrativas;<\/li>\n<li>Avalia\u00e7\u00e3o e Desenvolvimento de Novas \u00c1reas e Expertises Jur\u00eddicas.<\/li>\n<\/ul>\n<div class=\"fundo-claro-2\">\n<h3>Gostaria de mais informa\u00e7\u00f5es<\/h3>\n<p>Entre em contato por nosso fomul\u00e1rio, nossa<br \/>\nequipe entrar\u00e1 em contato para esclarecer suas d\u00favidas<\/p>\n\n<div class=\"wpcf7 no-js\" id=\"wpcf7-f6-o1\" lang=\"pt-BR\" dir=\"ltr\" data-wpcf7-id=\"6\">\n<div class=\"screen-reader-response\"><p role=\"status\" aria-live=\"polite\" aria-atomic=\"true\"><\/p> <ul><\/ul><\/div>\n<form action=\"\/site\/wp-json\/wp\/v2\/pages\/336#wpcf7-f6-o1\" method=\"post\" class=\"wpcf7-form init\" aria-label=\"Formul\u00e1rios de contato\" novalidate=\"novalidate\" data-status=\"init\">\n<fieldset class=\"hidden-fields-container\"><input type=\"hidden\" name=\"_wpcf7\" value=\"6\" \/><input type=\"hidden\" name=\"_wpcf7_version\" value=\"6.1.5\" \/><input type=\"hidden\" name=\"_wpcf7_locale\" value=\"pt_BR\" \/><input type=\"hidden\" name=\"_wpcf7_unit_tag\" value=\"wpcf7-f6-o1\" \/><input type=\"hidden\" name=\"_wpcf7_container_post\" value=\"0\" \/><input type=\"hidden\" name=\"_wpcf7_posted_data_hash\" value=\"\" \/>\n<\/fieldset>\n<div class=\"column one-second\">\n\t<p>Seu nome (obrigat\u00f3rio)\n\t<\/p>\n\t<p><span class=\"wpcf7-form-control-wrap\" data-name=\"your-name\"><input size=\"40\" maxlength=\"400\" class=\"wpcf7-form-control wpcf7-text wpcf7-validates-as-required\" aria-required=\"true\" aria-invalid=\"false\" value=\"\" type=\"text\" name=\"your-name\" \/><\/span>\n\t<\/p>\n<\/div>\n<div class=\"column one-second last\">\n\t<p>Seu e-mail (obrigat\u00f3rio)\n\t<\/p>\n\t<p><span class=\"wpcf7-form-control-wrap\" data-name=\"your-email\"><input size=\"40\" maxlength=\"400\" class=\"wpcf7-form-control wpcf7-email wpcf7-validates-as-required wpcf7-text wpcf7-validates-as-email\" aria-required=\"true\" aria-invalid=\"false\" value=\"\" type=\"email\" name=\"your-email\" \/><\/span>\n\t<\/p>\n<\/div>\n<div class=\"column one-second\">\n\t<p>Escrit\u00f3rio\n\t<\/p>\n\t<p><span class=\"wpcf7-form-control-wrap\" data-name=\"your-escritorio\"><input size=\"40\" maxlength=\"400\" class=\"wpcf7-form-control wpcf7-text wpcf7-validates-as-required\" aria-required=\"true\" aria-invalid=\"false\" value=\"\" type=\"text\" name=\"your-escritorio\" \/><\/span>\n\t<\/p>\n<\/div>\n<div class=\"column one-second last\">\n\t<p>Telefone\n\t<\/p>\n\t<p><span class=\"wpcf7-form-control-wrap\" data-name=\"your-tel\"><input size=\"40\" maxlength=\"400\" class=\"wpcf7-form-control wpcf7-text wpcf7-validates-as-required\" aria-required=\"true\" aria-invalid=\"false\" value=\"\" type=\"text\" name=\"your-tel\" \/><\/span>\n\t<\/p>\n<\/div>\n<p>Quais s\u00e3o as suas d\u00favidas e necessidades do escrit\u00f3rio?\n<\/p>\n<p><span class=\"wpcf7-form-control-wrap\" data-name=\"your-message\"><textarea cols=\"40\" rows=\"10\" maxlength=\"2000\" class=\"wpcf7-form-control wpcf7-textarea\" aria-invalid=\"false\" name=\"your-message\"><\/textarea><\/span>\n<\/p>\n<p><input class=\"wpcf7-form-control wpcf7-submit has-spinner\" type=\"submit\" value=\"Enviar\" \/>\n<\/p><div class=\"wpcf7-response-output\" aria-hidden=\"true\"><\/div>\n<\/form>\n<\/div>\n<\/div>\n","protected":false},"excerpt":{"rendered":"<p>Estrat\u00e9gias de Relacionamentos com Clientes; Prospec\u00e7\u00e3o, Capta\u00e7\u00e3o e Manuten\u00e7\u00e3o de Clientes; Estrat\u00e9gias de Segmenta\u00e7\u00e3o da Marca Jur\u00eddica; Cria\u00e7\u00e3o de Eventos; Pesquisa de Satisfa\u00e7\u00e3o de Clientes; Implanta\u00e7\u00e3o<span class=\"excerpt-hellip\"> [\u2026]<\/span><\/p>\n","protected":false},"author":1,"featured_media":510,"parent":211,"menu_order":0,"comment_status":"open","ping_status":"open","template":"","meta":{"_acf_changed":false,"footnotes":""},"class_list":["post-336","page","type-page","status-publish","has-post-thumbnail","hentry"],"acf":[],"_links":{"self":[{"href":"https:\/\/gestaolegalnaadvocacia.com.br\/site\/wp-json\/wp\/v2\/pages\/336","targetHints":{"allow":["GET"]}}],"collection":[{"href":"https:\/\/gestaolegalnaadvocacia.com.br\/site\/wp-json\/wp\/v2\/pages"}],"about":[{"href":"https:\/\/gestaolegalnaadvocacia.com.br\/site\/wp-json\/wp\/v2\/types\/page"}],"author":[{"embeddable":true,"href":"https:\/\/gestaolegalnaadvocacia.com.br\/site\/wp-json\/wp\/v2\/users\/1"}],"replies":[{"embeddable":true,"href":"https:\/\/gestaolegalnaadvocacia.com.br\/site\/wp-json\/wp\/v2\/comments?post=336"}],"version-history":[{"count":0,"href":"https:\/\/gestaolegalnaadvocacia.com.br\/site\/wp-json\/wp\/v2\/pages\/336\/revisions"}],"up":[{"embeddable":true,"href":"https:\/\/gestaolegalnaadvocacia.com.br\/site\/wp-json\/wp\/v2\/pages\/211"}],"wp:featuredmedia":[{"embeddable":true,"href":"https:\/\/gestaolegalnaadvocacia.com.br\/site\/wp-json\/wp\/v2\/media\/510"}],"wp:attachment":[{"href":"https:\/\/gestaolegalnaadvocacia.com.br\/site\/wp-json\/wp\/v2\/media?parent=336"}],"curies":[{"name":"wp","href":"https:\/\/api.w.org\/{rel}","templated":true}]}}